{"id":1905,"date":"2019-07-15T10:12:12","date_gmt":"2019-07-15T10:12:12","guid":{"rendered":"https:\/\/millenniumgardens.hps.digital\/news\/"},"modified":"2020-06-05T10:30:27","modified_gmt":"2020-06-05T08:30:27","slug":"hirek","status":"publish","type":"page","link":"https:\/\/millenniumgardens.hu\/hu\/hirek\/","title":{"rendered":"H\u00edrek"},"content":{"rendered":"<p>[et_pb_section fb_built=&#8221;1&#8243; admin_label=&#8221;Header&#8221; _builder_version=&#8221;3.24.1&#8243; background_color=&#8221;#e4e3e5&#8243; custom_padding=&#8221;||0px|||&#8221;][et_pb_row _builder_version=&#8221;3.25&#8243;][et_pb_column type=&#8221;4_4&#8243; _builder_version=&#8221;3.25&#8243; custom_padding=&#8221;|||&#8221; custom_padding__hover=&#8221;|||&#8221;][et_pb_text _builder_version=&#8221;4.4.7&#8243; text_font=&#8221;||||||||&#8221; header_font=&#8221;Neue Hans Kendrick Medium||||||||&#8221; header_text_color=&#8221;#1a2938&#8243; header_font_size=&#8221;70px&#8221; header_line_height=&#8221;1.4em&#8221; text_orientation=&#8221;center&#8221; max_width=&#8221;700px&#8221; module_alignment=&#8221;center&#8221; header_font_size_tablet=&#8221;50px&#8221; header_font_size_phone=&#8221;32px&#8221; header_font_size_last_edited=&#8221;on|phone&#8221;]<\/p>\n<h1>H\u00edrek &amp; t\u00f6rt\u00e9netek<\/h1>\n<p>[\/et_pb_text][\/et_pb_column][\/et_pb_row][\/et_pb_section][et_pb_section fb_built=&#8221;1&#8243; fullwidth=&#8221;on&#8221; _builder_version=&#8221;3.29.2&#8243;][et_pb_fullwidth_post_slider show_meta=&#8221;off&#8221; bg_overlay_color=&#8221;rgba(26,41,56,0.73)&#8221; use_text_overlay=&#8221;off&#8221; _builder_version=&#8221;3.29.2&#8243; header_font=&#8221;|||on|||||&#8221; header_line_height=&#8221;2em&#8221;][\/et_pb_fullwidth_post_slider][\/et_pb_section][et_pb_section fb_built=&#8221;1&#8243; admin_label=&#8221;Blog&#8221; _builder_version=&#8221;3.24.1&#8243; background_color=&#8221;#e4e3e5&#8243;][et_pb_row _builder_version=&#8221;3.25&#8243;][et_pb_column type=&#8221;4_4&#8243; _builder_version=&#8221;3.25&#8243; custom_padding=&#8221;|||&#8221; custom_padding__hover=&#8221;|||&#8221;][et_pb_blog fullwidth=&#8221;off&#8221; posts_number=&#8221;6&#8243; include_categories=&#8221;all&#8221; excerpt_length=&#8221;150&#8243; show_more=&#8221;on&#8221; show_author=&#8221;off&#8221; show_date=&#8221;off&#8221; show_categories=&#8221;off&#8221; use_overlay=&#8221;on&#8221; overlay_icon_color=&#8221;#ffffff&#8221; hover_overlay_color=&#8221;rgba(26,41,56,0.54)&#8221; hover_icon=&#8221;%%28%%&#8221; masonry_tile_background_color=&#8221;#2f353b&#8221; _builder_version=&#8221;3.29.2&#8243; header_font=&#8221;|700|||||||&#8221; header_text_color=&#8221;#e5e3e5&#8243; header_font_size=&#8221;29px&#8221; header_letter_spacing=&#8221;1px&#8221; header_line_height=&#8221;1.2em&#8221; body_font=&#8221;||||||||&#8221; body_text_color=&#8221;rgba(229,227,229,0.49)&#8221; read_more_font=&#8221;Neue Hans Kendrick Bold|||on|||||&#8221; read_more_text_color=&#8221;#e5e3e5&#8243; read_more_font_size=&#8221;16px&#8221; read_more_line_height=&#8221;3em&#8221; pagination_font=&#8221;||||||||&#8221; background_color=&#8221;rgba(0,0,0,0)&#8221; custom_margin=&#8221;||&#8221; box_shadow_style=&#8221;preset2&#8243; box_shadow_horizontal=&#8221;0px&#8221; box_shadow_vertical=&#8221;2px&#8221; box_shadow_blur=&#8221;10px&#8221; box_shadow_spread=&#8221;-3px&#8221;][\/et_pb_blog][\/et_pb_column][\/et_pb_row][\/et_pb_section][et_pb_section fb_built=&#8221;1&#8243; admin_label=&#8221;Subscribe&#8221; _builder_version=&#8221;3.24.1&#8243; background_color=&#8221;#e4e3e5&#8243; custom_margin=&#8221;|-2.3%|0%|-2.3%||true&#8221; custom_margin_tablet=&#8221;|0%|0%|0%||true&#8221; custom_margin_phone=&#8221;&#8221; custom_margin_last_edited=&#8221;on|desktop&#8221; custom_padding=&#8221;80px||80px||true&#8221;][et_pb_row _builder_version=&#8221;3.25&#8243; custom_padding=&#8221;0px||0px||true&#8221;][et_pb_column type=&#8221;4_4&#8243; _builder_version=&#8221;3.25&#8243; custom_padding=&#8221;|||&#8221; custom_padding__hover=&#8221;|||&#8221;][et_pb_text _builder_version=&#8221;4.4.7&#8243; text_font=&#8221;||||||||&#8221; header_font=&#8221;Neue Hans Kendrick Medium||||||||&#8221; header_2_font=&#8221;Neue Hans Kendrick Medium||||||||&#8221; header_2_font_size=&#8221;48px&#8221; header_2_line_height=&#8221;1.2em&#8221; text_orientation=&#8221;center&#8221; custom_margin=&#8221;||20px|&#8221; header_font_size_last_edited=&#8221;off|desktop&#8221; header_2_font_size_tablet=&#8221;&#8221; header_2_font_size_phone=&#8221;28px&#8221; header_2_font_size_last_edited=&#8221;on|phone&#8221;]<\/p>\n<h2>Csatlakozzon h\u00edrlevel\u00fcnkh\u00f6z<\/h2>\n<p>[\/et_pb_text][et_pb_contact_form use_spam_service=&#8221;on&#8221; email=&#8221;news@trigranit.com&#8221; success_message=&#8221;K\u00f6sz\u00f6nj\u00fck hogy feliratkozott!&#8221; submit_button_text=&#8221;Feliratkozok&#8221; admin_label=&#8221;Subscribe form&#8221; _builder_version=&#8221;4.4.7&#8243; form_field_background_color=&#8221;#939393&#8243; form_field_text_color=&#8221;#ffffff&#8221; form_field_focus_background_color=&#8221;#a5a5a5&#8243; form_field_focus_text_color=&#8221;#ffffff&#8221; custom_button=&#8221;on&#8221; button_text_color=&#8221;#ffffff&#8221; button_bg_color=&#8221;#1a2938&#8243; button_border_width=&#8221;0px&#8221; button_border_color=&#8221;rgba(0,0,0,0)&#8221; button_border_radius=&#8221;0px&#8221; button_icon_color=&#8221;#ffffff&#8221; recaptcha_list=&#8221;recaptcha-0&#8243; hover_enabled=&#8221;0&#8243;][et_pb_contact_field field_id=&#8221;Name&#8221; field_title=&#8221;N\u00e9v&#8221; _builder_version=&#8221;4.4.7&#8243; button_text_size__hover_enabled=&#8221;off&#8221; button_one_text_size__hover_enabled=&#8221;off&#8221; button_two_text_size__hover_enabled=&#8221;off&#8221; button_text_color__hover_enabled=&#8221;off&#8221; button_one_text_color__hover_enabled=&#8221;off&#8221; button_two_text_color__hover_enabled=&#8221;off&#8221; button_border_width__hover_enabled=&#8221;off&#8221; button_one_border_width__hover_enabled=&#8221;off&#8221; button_two_border_width__hover_enabled=&#8221;off&#8221; button_border_color__hover_enabled=&#8221;off&#8221; button_one_border_color__hover_enabled=&#8221;off&#8221; button_two_border_color__hover_enabled=&#8221;off&#8221; button_border_radius__hover_enabled=&#8221;off&#8221; button_one_border_radius__hover_enabled=&#8221;off&#8221; button_two_border_radius__hover_enabled=&#8221;off&#8221; button_letter_spacing__hover_enabled=&#8221;off&#8221; button_one_letter_spacing__hover_enabled=&#8221;off&#8221; button_two_letter_spacing__hover_enabled=&#8221;off&#8221; button_bg_color__hover_enabled=&#8221;off&#8221; button_one_bg_color__hover_enabled=&#8221;off&#8221; button_two_bg_color__hover_enabled=&#8221;off&#8221;][\/et_pb_contact_field][et_pb_contact_field field_id=&#8221;Email&#8221; field_title=&#8221;Email c\u00edm&#8221; field_type=&#8221;email&#8221; _builder_version=&#8221;4.4.7&#8243; button_text_size__hover_enabled=&#8221;off&#8221; button_one_text_size__hover_enabled=&#8221;off&#8221; button_two_text_size__hover_enabled=&#8221;off&#8221; button_text_color__hover_enabled=&#8221;off&#8221; button_one_text_color__hover_enabled=&#8221;off&#8221; button_two_text_color__hover_enabled=&#8221;off&#8221; button_border_width__hover_enabled=&#8221;off&#8221; button_one_border_width__hover_enabled=&#8221;off&#8221; button_two_border_width__hover_enabled=&#8221;off&#8221; button_border_color__hover_enabled=&#8221;off&#8221; button_one_border_color__hover_enabled=&#8221;off&#8221; button_two_border_color__hover_enabled=&#8221;off&#8221; button_border_radius__hover_enabled=&#8221;off&#8221; button_one_border_radius__hover_enabled=&#8221;off&#8221; button_two_border_radius__hover_enabled=&#8221;off&#8221; button_letter_spacing__hover_enabled=&#8221;off&#8221; button_one_letter_spacing__hover_enabled=&#8221;off&#8221; button_two_letter_spacing__hover_enabled=&#8221;off&#8221; button_bg_color__hover_enabled=&#8221;off&#8221; button_one_bg_color__hover_enabled=&#8221;off&#8221; button_two_bg_color__hover_enabled=&#8221;off&#8221;][\/et_pb_contact_field][et_pb_contact_field field_id=&#8221;Privacy_Policy&#8221; field_title=&#8221;Adatv\u00e9delmi ir\u00e1nyelvek&#8221; field_type=&#8221;checkbox&#8221; checkbox_options=&#8221;%91{%22value%22:%22Accept our %22,%22checked%22:0,%22dragID%22:-1,%22link_url%22:%22https:\/\/millenniumgardens.hu\/gdpr%22,%22link_text%22:%22Privacy Policy%22}%93&#8243; fullwidth_field=&#8221;on&#8221; _builder_version=&#8221;4.4.7&#8243; form_field_text_align=&#8221;right&#8221; text_orientation=&#8221;right&#8221;][\/et_pb_contact_field][\/et_pb_contact_form][\/et_pb_column][\/et_pb_row][\/et_pb_section]<\/p>\n","protected":false},"excerpt":{"rendered":"<p>H\u00edrek &amp; t\u00f6rt\u00e9netekCsatlakozzon h\u00edrlevel\u00fcnkh\u00f6z<\/p>\n","protected":false},"author":3,"featured_media":0,"parent":0,"menu_order":0,"comment_status":"closed","ping_status":"closed","template":"","meta":{"_et_pb_use_builder":"on","_et_pb_old_content":"","_et_gb_content_width":"","footnotes":""},"class_list":["post-1905","page","type-page","status-publish","hentry"],"yoast_head":"<!-- This site is optimized with the Yoast SEO plugin v27.4 - https:\/\/yoast.com\/product\/yoast-seo-wordpress\/ -->\n<title>H\u00edrek - Millennium Gardens<\/title>\n<meta name=\"robots\" content=\"index, follow, max-snippet:-1, max-image-preview:large, max-video-preview:-1\" \/>\n<link rel=\"canonical\" href=\"https:\/\/millenniumgardens.hu\/hu\/hirek\/\" \/>\n<meta property=\"og:locale\" content=\"hu_HU\" \/>\n<meta property=\"og:type\" content=\"article\" \/>\n<meta property=\"og:title\" content=\"H\u00edrek - Millennium Gardens\" \/>\n<meta property=\"og:description\" content=\"H\u00edrek &amp; t\u00f6rt\u00e9netekCsatlakozzon h\u00edrlevel\u00fcnkh\u00f6z\" \/>\n<meta property=\"og:url\" content=\"https:\/\/millenniumgardens.hu\/hu\/hirek\/\" \/>\n<meta property=\"og:site_name\" content=\"Millennium Gardens\" \/>\n<meta property=\"article:modified_time\" content=\"2020-06-05T08:30:27+00:00\" \/>\n<meta name=\"twitter:card\" content=\"summary_large_image\" \/>\n<meta name=\"twitter:label1\" content=\"Becs\u00fclt olvas\u00e1si id\u0151\" \/>\n\t<meta name=\"twitter:data1\" content=\"5 perc\" \/>\n<script type=\"application\/ld+json\" class=\"yoast-schema-graph\">{\"@context\":\"https:\\\/\\\/schema.org\",\"@graph\":[{\"@type\":\"WebPage\",\"@id\":\"https:\\\/\\\/millenniumgardens.hu\\\/hu\\\/hirek\\\/\",\"url\":\"https:\\\/\\\/millenniumgardens.hu\\\/hu\\\/hirek\\\/\",\"name\":\"H\u00edrek - Millennium Gardens\",\"isPartOf\":{\"@id\":\"https:\\\/\\\/millenniumgardens.hu\\\/hu\\\/#website\"},\"datePublished\":\"2019-07-15T10:12:12+00:00\",\"dateModified\":\"2020-06-05T08:30:27+00:00\",\"breadcrumb\":{\"@id\":\"https:\\\/\\\/millenniumgardens.hu\\\/hu\\\/hirek\\\/#breadcrumb\"},\"inLanguage\":\"hu\",\"potentialAction\":[{\"@type\":\"ReadAction\",\"target\":[\"https:\\\/\\\/millenniumgardens.hu\\\/hu\\\/hirek\\\/\"]}]},{\"@type\":\"BreadcrumbList\",\"@id\":\"https:\\\/\\\/millenniumgardens.hu\\\/hu\\\/hirek\\\/#breadcrumb\",\"itemListElement\":[{\"@type\":\"ListItem\",\"position\":1,\"name\":\"Home\",\"item\":\"https:\\\/\\\/millenniumgardens.hu\\\/hu\\\/\"},{\"@type\":\"ListItem\",\"position\":2,\"name\":\"H\u00edrek\"}]},{\"@type\":\"WebSite\",\"@id\":\"https:\\\/\\\/millenniumgardens.hu\\\/hu\\\/#website\",\"url\":\"https:\\\/\\\/millenniumgardens.hu\\\/hu\\\/\",\"name\":\"Millennium Gardens\",\"description\":\"New Office Jewel on the Danube\",\"potentialAction\":[{\"@type\":\"SearchAction\",\"target\":{\"@type\":\"EntryPoint\",\"urlTemplate\":\"https:\\\/\\\/millenniumgardens.hu\\\/hu\\\/?s={search_term_string}\"},\"query-input\":{\"@type\":\"PropertyValueSpecification\",\"valueRequired\":true,\"valueName\":\"search_term_string\"}}],\"inLanguage\":\"hu\"}]}<\/script>\n<!-- \/ Yoast SEO plugin. -->","yoast_head_json":{"title":"H\u00edrek - Millennium Gardens","robots":{"index":"index","follow":"follow","max-snippet":"max-snippet:-1","max-image-preview":"max-image-preview:large","max-video-preview":"max-video-preview:-1"},"canonical":"https:\/\/millenniumgardens.hu\/hu\/hirek\/","og_locale":"hu_HU","og_type":"article","og_title":"H\u00edrek - Millennium Gardens","og_description":"H\u00edrek &amp; t\u00f6rt\u00e9netekCsatlakozzon h\u00edrlevel\u00fcnkh\u00f6z","og_url":"https:\/\/millenniumgardens.hu\/hu\/hirek\/","og_site_name":"Millennium Gardens","article_modified_time":"2020-06-05T08:30:27+00:00","twitter_card":"summary_large_image","twitter_misc":{"Becs\u00fclt olvas\u00e1si id\u0151":"5 perc"},"schema":{"@context":"https:\/\/schema.org","@graph":[{"@type":"WebPage","@id":"https:\/\/millenniumgardens.hu\/hu\/hirek\/","url":"https:\/\/millenniumgardens.hu\/hu\/hirek\/","name":"H\u00edrek - Millennium Gardens","isPartOf":{"@id":"https:\/\/millenniumgardens.hu\/hu\/#website"},"datePublished":"2019-07-15T10:12:12+00:00","dateModified":"2020-06-05T08:30:27+00:00","breadcrumb":{"@id":"https:\/\/millenniumgardens.hu\/hu\/hirek\/#breadcrumb"},"inLanguage":"hu","potentialAction":[{"@type":"ReadAction","target":["https:\/\/millenniumgardens.hu\/hu\/hirek\/"]}]},{"@type":"BreadcrumbList","@id":"https:\/\/millenniumgardens.hu\/hu\/hirek\/#breadcrumb","itemListElement":[{"@type":"ListItem","position":1,"name":"Home","item":"https:\/\/millenniumgardens.hu\/hu\/"},{"@type":"ListItem","position":2,"name":"H\u00edrek"}]},{"@type":"WebSite","@id":"https:\/\/millenniumgardens.hu\/hu\/#website","url":"https:\/\/millenniumgardens.hu\/hu\/","name":"Millennium Gardens","description":"New Office Jewel on the Danube","potentialAction":[{"@type":"SearchAction","target":{"@type":"EntryPoint","urlTemplate":"https:\/\/millenniumgardens.hu\/hu\/?s={search_term_string}"},"query-input":{"@type":"PropertyValueSpecification","valueRequired":true,"valueName":"search_term_string"}}],"inLanguage":"hu"}]}},"_links":{"self":[{"href":"https:\/\/millenniumgardens.hu\/hu\/wp-json\/wp\/v2\/pages\/1905","targetHints":{"allow":["GET"]}}],"collection":[{"href":"https:\/\/millenniumgardens.hu\/hu\/wp-json\/wp\/v2\/pages"}],"about":[{"href":"https:\/\/millenniumgardens.hu\/hu\/wp-json\/wp\/v2\/types\/page"}],"author":[{"embeddable":true,"href":"https:\/\/millenniumgardens.hu\/hu\/wp-json\/wp\/v2\/users\/3"}],"replies":[{"embeddable":true,"href":"https:\/\/millenniumgardens.hu\/hu\/wp-json\/wp\/v2\/comments?post=1905"}],"version-history":[{"count":0,"href":"https:\/\/millenniumgardens.hu\/hu\/wp-json\/wp\/v2\/pages\/1905\/revisions"}],"wp:attachment":[{"href":"https:\/\/millenniumgardens.hu\/hu\/wp-json\/wp\/v2\/media?parent=1905"}],"curies":[{"name":"wp","href":"https:\/\/api.w.org\/{rel}","templated":true}]}}